{"id":18772,"date":"2023-11-03T13:49:26","date_gmt":"2023-11-03T13:49:26","guid":{"rendered":"https:\/\/pihapperhof.at\/pihapperhof-seite\/"},"modified":"2024-10-17T13:40:40","modified_gmt":"2024-10-17T13:40:40","slug":"pihapperhof-seite","status":"publish","type":"page","link":"https:\/\/pihapperhof.at\/de\/pihapperhof-seite\/","title":{"rendered":"Pihapperhof-Seite"},"content":{"rendered":"<p>[et_pb_section fb_built=&#8220;1&#8243; _builder_version=&#8220;4.27.2&#8243; _module_preset=&#8220;default&#8220; use_background_color_gradient=&#8220;on&#8220; background_color_gradient_stops=&#8220;rgba(0,0,0,0.47) 0%|rgba(0,0,0,0.45) 100%&#8220; background_color_gradient_overlays_image=&#8220;on&#8220; background_image=&#8220;https:\/\/pihapperhof.at\/wp-content\/uploads\/2023\/12\/kerstkaart-2023aangepast2-scaled-e1701939897590.jpg&#8220; custom_padding=&#8220;95px||95px||true|&#8220; hover_enabled=&#8220;0&#8243; global_colors_info=&#8220;{}&#8220; title_text=&#8220;kerstkaart 2023,aangepast2&#8243; sticky_enabled=&#8220;0&#8243;][et_pb_row _builder_version=&#8220;4.20.0&#8243; _module_preset=&#8220;default&#8220; global_colors_info=&#8220;{}&#8220;][et_pb_column type=&#8220;4_4&#8243; _builder_version=&#8220;4.20.0&#8243; _module_preset=&#8220;default&#8220; global_colors_info=&#8220;{}&#8220;][et_pb_text _builder_version=&#8220;4.20.2&#8243; _module_preset=&#8220;default&#8220; header_font=&#8220;|600|||||||&#8220; header_text_color=&#8220;#FFFFFF&#8220; header_font_size=&#8220;50px&#8220; global_colors_info=&#8220;{}&#8220;]<\/p>\n<h1>Pihapperhof<\/h1>\n<p>[\/et_pb_text][\/et_pb_column][\/et_pb_row][\/et_pb_section][et_pb_section fb_built=&#8220;1&#8243; custom_padding_last_edited=&#8220;on|tablet&#8220; _builder_version=&#8220;4.20.4&#8243; _module_preset=&#8220;default&#8220; background_color=&#8220;#f5f5f5&#8243; background_enable_image=&#8220;off&#8220; background_size=&#8220;custom&#8220; background_image_width=&#8220;20%&#8220; background_position=&#8220;bottom_right&#8220; background_horizontal_offset=&#8220;0%&#8220; background_vertical_offset=&#8220;5%&#8220; custom_padding=&#8220;80px||80px||true|&#8220; custom_padding_tablet=&#8220;40px||40px||true|false&#8220; custom_padding_phone=&#8220;40px||40px||true|false&#8220; global_colors_info=&#8220;{}&#8220;][et_pb_row column_structure=&#8220;3_5,2_5&#8243; _builder_version=&#8220;4.21.0&#8243; _module_preset=&#8220;default&#8220; global_colors_info=&#8220;{}&#8220;][et_pb_column type=&#8220;3_5&#8243; _builder_version=&#8220;4.20.2&#8243; _module_preset=&#8220;default&#8220; global_colors_info=&#8220;{}&#8220;][et_pb_text _builder_version=&#8220;4.21.0&#8243; _module_preset=&#8220;default&#8220; text_text_color=&#8220;#0066B3&#8243; header_text_color=&#8220;#0066B3&#8243; locked=&#8220;off&#8220; global_colors_info=&#8220;{}&#8220;]<\/p>\n<h3 style=\"text-align: left;\"><strong><span style=\"color: #333399;\">\u00dcber Pihapperhof<\/span><\/strong><\/h3>\n<p>[\/et_pb_text][et_pb_text _builder_version=&#8220;4.20.4&#8243; _module_preset=&#8220;default&#8220; global_colors_info=&#8220;{}&#8220;]<\/p>\n<p>Der Pihapperhof ist ein kleines und gem\u00fctliches Apartementhaus in Mittersill (in Salzburgerland an der Grenze zu Tirol), in dem Sie es sich \u2018nat\u00fcrlich Genie\u00dfen\u2019 l\u00e4\u00dft<\/p>\n<p>Manchmal leben wir im Wahn des Tages. Nach unsere \u00dcberzeugung sollte Genie\u00dfen und Entspannen selbstverst\u00e4ndlicher werden. Im Pihapperhof finden Sie alles, was das m\u00f6glich macht.<\/p>\n<p>Wir glauben, dass es wichtig ist, dies nachhaltig zu tun: mit Respekt gegen\u00fcber Menschen, Tieren, Natur und Umwelt. Das nennen wir \u2018nat\u00fcrlich Genie\u00dfen\u2019!<\/p>\n<p>[\/et_pb_text][\/et_pb_column][et_pb_column type=&#8220;2_5&#8243; _builder_version=&#8220;4.20.2&#8243; _module_preset=&#8220;default&#8220; background_color=&#8220;#39B54A&#8220; background_image=&#8220;https:\/\/pihapperhof.at\/wp-content\/uploads\/2023\/03\/Beeldmerk-Pihapperhof_pixlr.png&#8220; background_size=&#8220;contain&#8220; background_position=&#8220;bottom_right&#8220; background_horizontal_offset=&#8220;100%&#8220; background_vertical_offset=&#8220;-19%&#8220; custom_padding=&#8220;35px|30px|35px|30px|true|true&#8220; border_radii=&#8220;on|3px|3px|3px|3px&#8220; global_colors_info=&#8220;{}&#8220;][et_pb_text _builder_version=&#8220;4.20.2&#8243; _module_preset=&#8220;default&#8220; header_2_font=&#8220;|600|||||||&#8220; header_2_text_color=&#8220;#FFFFFF&#8220; header_2_font_size=&#8220;30px&#8220; header_3_text_color=&#8220;#FFFFFF&#8220; locked=&#8220;off&#8220; global_colors_info=&#8220;{}&#8220;]<\/p>\n<h2 style=\"text-align: left;\">Nat\u00fcrlich genie\u00dfen<\/h2>\n<p>[\/et_pb_text][et_pb_text _builder_version=&#8220;4.20.4&#8243; _module_preset=&#8220;default&#8220; text_text_color=&#8220;#FFFFFF&#8220; header_2_font=&#8220;|600|||||||&#8220; header_2_font_size=&#8220;30px&#8220; custom_margin=&#8220;-14px|||||&#8220; locked=&#8220;off&#8220; global_colors_info=&#8220;{}&#8220;]<\/p>\n<p>Nat\u00fcrlich genie\u00dfen k\u00f6nnen Sie es bei uns \u00fcberall:<br \/>In Ihrem eigenen komfortablen Apartment mit nat\u00fcrlicher und heimeliger Atmosph\u00e4re.<\/p>\n<p>Im weitl\u00e4ufigen Garten mit Blick auf den Berg Pihapper.<\/p>\n<p>Und nat\u00fcrlich in der Gegend!<\/p>\n<p>[\/et_pb_text][\/et_pb_column][\/et_pb_row][\/et_pb_section][et_pb_section fb_built=&#8220;1&#8243; custom_padding_last_edited=&#8220;on|tablet&#8220; _builder_version=&#8220;4.20.4&#8243; _module_preset=&#8220;default&#8220; background_enable_color=&#8220;off&#8220; custom_padding=&#8220;80px||80px||true|&#8220; custom_padding_tablet=&#8220;40px||40px||true|false&#8220; custom_padding_phone=&#8220;40px||40px||true|false&#8220; saved_tabs=&#8220;all&#8220; locked=&#8220;off&#8220; global_colors_info=&#8220;{}&#8220;][et_pb_row _builder_version=&#8220;4.21.0&#8243; _module_preset=&#8220;default&#8220; locked=&#8220;off&#8220; global_colors_info=&#8220;{}&#8220;][et_pb_column type=&#8220;4_4&#8243; _builder_version=&#8220;4.20.0&#8243; _module_preset=&#8220;default&#8220; global_colors_info=&#8220;{}&#8220;][et_pb_text _builder_version=&#8220;4.21.0&#8243; _module_preset=&#8220;default&#8220; text_font=&#8220;Montserrat||||||||&#8220; text_text_color=&#8220;#0066B3&#8243; header_2_font=&#8220;|600|||||||&#8220; header_2_font_size=&#8220;32px&#8220; locked=&#8220;off&#8220; global_colors_info=&#8220;{}&#8220;]<\/p>\n<h3><span style=\"color: #333399;\"><strong>Am Pihapperhof k\u00f6nnen Sie mitbenutzen:\t<\/strong><\/span><\/h3>\n<p>[\/et_pb_text][\/et_pb_column][\/et_pb_row][et_pb_row column_structure=&#8220;1_2,1_2&#8243; _builder_version=&#8220;4.20.0&#8243; _module_preset=&#8220;default&#8220; global_colors_info=&#8220;{}&#8220;][et_pb_column type=&#8220;1_2&#8243; _builder_version=&#8220;4.20.0&#8243; _module_preset=&#8220;default&#8220; global_colors_info=&#8220;{}&#8220;][et_pb_blurb title=&#8220;Beheizter Au\u00dfenpool in den Sommermonaten&#8220; use_icon=&#8220;on&#8220; font_icon=&#8220;agsdix-fas fa-swimmer||divi||400&#8243; icon_color=&#8220;#6d6d6d&#8220; image_icon_background_color=&#8220;RGBA(255,255,255,0)&#8220; icon_placement=&#8220;left&#8220; image_icon_width=&#8220;39px&#8220; _builder_version=&#8220;4.21.0&#8243; _module_preset=&#8220;default&#8220; header_line_height=&#8220;1.2em&#8220; image_icon_custom_padding=&#8220;15px|15px|15px|15px|true|true&#8220; custom_margin=&#8220;||35px||false|false&#8220; animation=&#8220;off&#8220; hover_transition_duration=&#8220;0ms&#8220; custom_css_blurb_title=&#8220;margin-top: 9px;&#8220; border_radii_image=&#8220;on|15px|15px|15px|15px&#8220; border_width_all_image=&#8220;1px&#8220; border_color_all_image=&#8220;#d3d3d3&#8243; global_colors_info=&#8220;{}&#8220;][\/et_pb_blurb][et_pb_blurb title=&#8220;Gro\u00dfer Garten mit Aussicht auf die Berge&#8220; use_icon=&#8220;on&#8220; font_icon=&#8220;agsdix-smt2-landscape||divi||400&#8243; icon_color=&#8220;#6d6d6d&#8220; image_icon_background_color=&#8220;RGBA(255,255,255,0)&#8220; icon_placement=&#8220;left&#8220; image_icon_width=&#8220;39px&#8220; _builder_version=&#8220;4.21.0&#8243; _module_preset=&#8220;default&#8220; header_line_height=&#8220;1.2em&#8220; image_icon_custom_padding=&#8220;15px|15px|15px|15px|true|true&#8220; custom_margin=&#8220;||35px||false|false&#8220; animation=&#8220;off&#8220; hover_transition_duration=&#8220;0ms&#8220; border_radii_image=&#8220;on|15px|15px|15px|15px&#8220; border_width_all_image=&#8220;1px&#8220; border_color_all_image=&#8220;#d3d3d3&#8243; global_colors_info=&#8220;{}&#8220;]<\/p>\n<p>Sie finden dort mehrere Picknickb\u00e4nke und Liegest\u00fchle sowie einen \u00fcberdachten Grillplatz.<\/p>\n<p>[\/et_pb_blurb][et_pb_blurb title=&#8220;Allerlei lustige Spiele f\u00fcr drinnen und drau\u00dfen&#8220; use_icon=&#8220;on&#8220; font_icon=&#8220;agsdix-smt1-extension||divi||400&#8243; icon_color=&#8220;#6d6d6d&#8220; image_icon_background_color=&#8220;RGBA(255,255,255,0)&#8220; icon_placement=&#8220;left&#8220; image_icon_width=&#8220;39px&#8220; _builder_version=&#8220;4.22.2&#8243; _module_preset=&#8220;default&#8220; header_line_height=&#8220;1.2em&#8220; image_icon_custom_padding=&#8220;15px|15px|15px|15px|true|true&#8220; custom_margin=&#8220;||35px||false|false&#8220; animation=&#8220;off&#8220; hover_transition_duration=&#8220;0ms&#8220; border_radii_image=&#8220;on|15px|15px|15px|15px&#8220; border_width_all_image=&#8220;1px&#8220; border_color_all_image=&#8220;#d3d3d3&#8243; locked=&#8220;off&#8220; global_colors_info=&#8220;{}&#8220;][\/et_pb_blurb][et_pb_blurb title=&#8220;Parken auf dem Gel\u00e4nde&#8220; use_icon=&#8220;on&#8220; font_icon=&#8220;agsdix-fas fa-car-side||divi||400&#8243; icon_color=&#8220;#6d6d6d&#8220; image_icon_background_color=&#8220;RGBA(255,255,255,0)&#8220; icon_placement=&#8220;left&#8220; image_icon_width=&#8220;39px&#8220; _builder_version=&#8220;4.21.0&#8243; _module_preset=&#8220;default&#8220; header_line_height=&#8220;1.2em&#8220; image_icon_custom_padding=&#8220;15px|15px|15px|15px|true|true&#8220; custom_margin=&#8220;||35px||false|false&#8220; animation=&#8220;off&#8220; hover_transition_duration=&#8220;0ms&#8220; custom_css_blurb_title=&#8220;margin-top: 20px;&#8220; border_radii_image=&#8220;on|15px|15px|15px|15px&#8220; border_width_all_image=&#8220;1px&#8220; border_color_all_image=&#8220;#d3d3d3&#8243; global_colors_info=&#8220;{}&#8220;][\/et_pb_blurb][et_pb_blurb title=&#8220;Kostenloses WLAN&#8220; use_icon=&#8220;on&#8220; font_icon=&#8220;agsdix-fas fa-wifi||divi||400&#8243; icon_color=&#8220;#6d6d6d&#8220; image_icon_background_color=&#8220;RGBA(255,255,255,0)&#8220; icon_placement=&#8220;left&#8220; image_icon_width=&#8220;39px&#8220; _builder_version=&#8220;4.20.2&#8243; _module_preset=&#8220;default&#8220; header_line_height=&#8220;1.2em&#8220; image_icon_custom_padding=&#8220;15px|15px|15px|15px|true|true&#8220; custom_margin=&#8220;||35px||false|false&#8220; animation=&#8220;off&#8220; hover_transition_duration=&#8220;0ms&#8220; custom_css_blurb_title=&#8220;margin-top: 20px;&#8220; border_radii_image=&#8220;on|15px|15px|15px|15px&#8220; border_width_all_image=&#8220;1px&#8220; border_color_all_image=&#8220;#d3d3d3&#8243; locked=&#8220;off&#8220; global_colors_info=&#8220;{}&#8220;][\/et_pb_blurb][\/et_pb_column][et_pb_column type=&#8220;1_2&#8243; _builder_version=&#8220;4.20.0&#8243; _module_preset=&#8220;default&#8220; global_colors_info=&#8220;{}&#8220;][et_pb_blurb title=&#8220;Einen Safe in der eigenen Wohnung&#8220; use_icon=&#8220;on&#8220; font_icon=&#8220;agsdix-smt3-vpn-key||divi||400&#8243; icon_color=&#8220;#6d6d6d&#8220; image_icon_background_color=&#8220;RGBA(255,255,255,0)&#8220; icon_placement=&#8220;left&#8220; image_icon_width=&#8220;39px&#8220; _builder_version=&#8220;4.21.0&#8243; _module_preset=&#8220;default&#8220; header_line_height=&#8220;1.2em&#8220; image_icon_custom_padding=&#8220;15px|15px|15px|15px|true|true&#8220; custom_margin=&#8220;||35px||false|false&#8220; animation=&#8220;off&#8220; hover_transition_duration=&#8220;0ms&#8220; custom_css_blurb_title=&#8220;margin-top: 20px;&#8220; border_radii_image=&#8220;on|15px|15px|15px|15px&#8220; border_width_all_image=&#8220;1px&#8220; border_color_all_image=&#8220;#d3d3d3&#8243; locked=&#8220;off&#8220; global_colors_info=&#8220;{}&#8220;][\/et_pb_blurb][et_pb_blurb title=&#8220;Waschk\u00fcche mit Waschmaschine und Trockner&#8220; use_icon=&#8220;on&#8220; font_icon=&#8220;agsdix-scs-washing machine||divi||400&#8243; icon_color=&#8220;#6d6d6d&#8220; image_icon_background_color=&#8220;RGBA(255,255,255,0)&#8220; icon_placement=&#8220;left&#8220; image_icon_width=&#8220;39px&#8220; _builder_version=&#8220;4.21.0&#8243; _module_preset=&#8220;default&#8220; header_line_height=&#8220;1.2em&#8220; image_icon_custom_padding=&#8220;15px|15px|15px|15px|true|true&#8220; custom_margin=&#8220;||35px||false|false&#8220; animation=&#8220;off&#8220; hover_transition_duration=&#8220;0ms&#8220; custom_css_blurb_title=&#8220;margin-top: 20px;&#8220; border_radii_image=&#8220;on|15px|15px|15px|15px&#8220; border_width_all_image=&#8220;1px&#8220; border_color_all_image=&#8220;#d3d3d3&#8243; locked=&#8220;off&#8220; global_colors_info=&#8220;{}&#8220;][\/et_pb_blurb][et_pb_blurb title=&#8220;Skiraum mit Schuhheizung&#8220; use_icon=&#8220;on&#8220; font_icon=&#8220;agsdix-fas fa-shoe-prints||divi||400&#8243; icon_color=&#8220;#6d6d6d&#8220; image_icon_background_color=&#8220;RGBA(255,255,255,0)&#8220; icon_placement=&#8220;left&#8220; image_icon_width=&#8220;39px&#8220; _builder_version=&#8220;4.21.0&#8243; _module_preset=&#8220;default&#8220; header_line_height=&#8220;1.2em&#8220; image_icon_custom_padding=&#8220;15px|15px|15px|15px|true|true&#8220; custom_margin=&#8220;||35px||false|false&#8220; animation=&#8220;off&#8220; hover_transition_duration=&#8220;0ms&#8220; custom_css_blurb_title=&#8220;margin-top: 20px;&#8220; border_radii_image=&#8220;on|15px|15px|15px|15px&#8220; border_width_all_image=&#8220;1px&#8220; border_color_all_image=&#8220;#d3d3d3&#8243; global_colors_info=&#8220;{}&#8220;][\/et_pb_blurb][et_pb_blurb title=&#8220;Sauna mit Ruhebereich und Regendusche in den Wintermonaten&#8220; use_icon=&#8220;on&#8220; font_icon=&#8220;agsdix-fas fa-shower||divi||400&#8243; icon_color=&#8220;#6d6d6d&#8220; image_icon_background_color=&#8220;RGBA(255,255,255,0)&#8220; icon_placement=&#8220;left&#8220; image_icon_width=&#8220;39px&#8220; _builder_version=&#8220;4.21.0&#8243; _module_preset=&#8220;default&#8220; header_line_height=&#8220;1.2em&#8220; image_icon_custom_padding=&#8220;15px|15px|15px|15px|true|true&#8220; custom_margin=&#8220;||35px||false|false&#8220; animation=&#8220;off&#8220; hover_transition_duration=&#8220;0ms&#8220; custom_css_blurb_title=&#8220;margin-top: 10px;&#8220; border_radii_image=&#8220;on|15px|15px|15px|15px&#8220; border_width_all_image=&#8220;1px&#8220; border_color_all_image=&#8220;#d3d3d3&#8243; locked=&#8220;off&#8220; global_colors_info=&#8220;{}&#8220;][\/et_pb_blurb][et_pb_blurb title=&#8220;Fr\u00fchst\u00fccks-Br\u00f6tchen-Service&#8220; use_icon=&#8220;on&#8220; font_icon=&#8220;agsdi-bread||divi||400&#8243; icon_color=&#8220;#6d6d6d&#8220; image_icon_background_color=&#8220;RGBA(255,255,255,0)&#8220; icon_placement=&#8220;left&#8220; image_icon_width=&#8220;39px&#8220; _builder_version=&#8220;4.22.2&#8243; _module_preset=&#8220;default&#8220; header_line_height=&#8220;1.2em&#8220; image_icon_custom_padding=&#8220;15px|15px|15px|15px|true|true&#8220; custom_margin=&#8220;||35px||false|false&#8220; animation=&#8220;off&#8220; hover_transition_duration=&#8220;0ms&#8220; custom_css_blurb_title=&#8220;margin-top: 20px;&#8220; border_radii_image=&#8220;on|15px|15px|15px|15px&#8220; border_width_all_image=&#8220;1px&#8220; border_color_all_image=&#8220;#d3d3d3&#8243; locked=&#8220;off&#8220; global_colors_info=&#8220;{}&#8220;][\/et_pb_blurb][\/et_pb_column][\/et_pb_row][et_pb_row _builder_version=&#8220;4.21.0&#8243; _module_preset=&#8220;default&#8220; global_colors_info=&#8220;{}&#8220;][et_pb_column type=&#8220;4_4&#8243; _builder_version=&#8220;4.21.0&#8243; _module_preset=&#8220;default&#8220; global_colors_info=&#8220;{}&#8220;][et_pb_text _builder_version=&#8220;4.21.0&#8243; _module_preset=&#8220;default&#8220; global_colors_info=&#8220;{}&#8220;][\/et_pb_text][\/et_pb_column][\/et_pb_row][\/et_pb_section]<\/p>\n","protected":false},"excerpt":{"rendered":"<p>Pihapperhof\u00dcber PihapperhofDer Pihapperhof ist ein kleines und gem\u00fctliches Apartementhaus in Mittersill (in Salzburgerland an der Grenze zu Tirol), in dem Sie es sich \u2018nat\u00fcrlich Genie\u00dfen\u2019 l\u00e4\u00dft Manchmal leben wir im Wahn des Tages. Nach unsere \u00dcberzeugung sollte Genie\u00dfen und Entspannen selbstverst\u00e4ndlicher werden. Im Pihapperhof finden Sie alles, was das m\u00f6glich macht. Wir glauben, dass es [&hellip;]<\/p>\n","protected":false},"author":6,"featured_media":0,"parent":0,"menu_order":0,"comment_status":"closed","ping_status":"closed","template":"","meta":{"_acf_changed":false,"_et_pb_use_builder":"on","_et_pb_old_content":"","_et_gb_content_width":"","footnotes":""},"class_list":["post-18772","page","type-page","status-publish","hentry"],"acf":[],"yoast_head":"<!-- This site is optimized with the Yoast SEO plugin v27.5 - https:\/\/yoast.com\/product\/yoast-seo-wordpress\/ -->\n<title>Pihapperhof-Seite - Pihapperhof<\/title>\n<meta name=\"robots\" content=\"index, follow, max-snippet:-1, max-image-preview:large, max-video-preview:-1\" \/>\n<link rel=\"canonical\" href=\"https:\/\/pihapperhof.at\/pihapperhof-pagina\/\" \/>\n<meta property=\"og:locale\" content=\"de_DE\" \/>\n<meta property=\"og:type\" content=\"article\" \/>\n<meta property=\"og:title\" content=\"Pihapperhof-Seite - Pihapperhof\" \/>\n<meta property=\"og:description\" content=\"Pihapperhof\u00dcber PihapperhofDer Pihapperhof ist ein kleines und gem\u00fctliches Apartementhaus in Mittersill (in Salzburgerland an der Grenze zu Tirol), in dem Sie es sich \u2018nat\u00fcrlich Genie\u00dfen\u2019 l\u00e4\u00dft Manchmal leben wir im Wahn des Tages. Nach unsere \u00dcberzeugung sollte Genie\u00dfen und Entspannen selbstverst\u00e4ndlicher werden. Im Pihapperhof finden Sie alles, was das m\u00f6glich macht. Wir glauben, dass es [&hellip;]\" \/>\n<meta property=\"og:url\" content=\"https:\/\/pihapperhof.at\/pihapperhof-pagina\/\" \/>\n<meta property=\"og:site_name\" content=\"Pihapperhof\" \/>\n<meta property=\"article:modified_time\" content=\"2024-10-17T13:40:40+00:00\" \/>\n<meta property=\"og:image\" content=\"https:\/\/pihapperhof.at\/wp-content\/uploads\/2023\/03\/IMG_2294.jpg\" \/>\n\t<meta property=\"og:image:width\" content=\"1280\" \/>\n\t<meta property=\"og:image:height\" content=\"960\" \/>\n\t<meta property=\"og:image:type\" content=\"image\/jpeg\" \/>\n<meta name=\"twitter:card\" content=\"summary_large_image\" \/>\n<meta name=\"twitter:label1\" content=\"Gesch\u00e4tzte Lesezeit\" \/>\n\t<meta name=\"twitter:data1\" content=\"2\u00a0Minuten\" \/>\n<script type=\"application\/ld+json\" class=\"yoast-schema-graph\">{\"@context\":\"https:\\\/\\\/schema.org\",\"@graph\":[{\"@type\":\"WebPage\",\"@id\":\"https:\\\/\\\/pihapperhof.at\\\/pihapperhof-pagina\\\/\",\"url\":\"https:\\\/\\\/pihapperhof.at\\\/pihapperhof-pagina\\\/\",\"name\":\"Pihapperhof-Seite - Pihapperhof\",\"isPartOf\":{\"@id\":\"https:\\\/\\\/pihapperhof.at\\\/#website\"},\"datePublished\":\"2023-11-03T13:49:26+00:00\",\"dateModified\":\"2024-10-17T13:40:40+00:00\",\"breadcrumb\":{\"@id\":\"https:\\\/\\\/pihapperhof.at\\\/pihapperhof-pagina\\\/#breadcrumb\"},\"inLanguage\":\"de\",\"potentialAction\":[{\"@type\":\"ReadAction\",\"target\":[\"https:\\\/\\\/pihapperhof.at\\\/pihapperhof-pagina\\\/\"]}]},{\"@type\":\"BreadcrumbList\",\"@id\":\"https:\\\/\\\/pihapperhof.at\\\/pihapperhof-pagina\\\/#breadcrumb\",\"itemListElement\":[{\"@type\":\"ListItem\",\"position\":1,\"name\":\"Home\",\"item\":\"https:\\\/\\\/pihapperhof.at\\\/de\\\/\"},{\"@type\":\"ListItem\",\"position\":2,\"name\":\"Pihapperhof-Seite\"}]},{\"@type\":\"WebSite\",\"@id\":\"https:\\\/\\\/pihapperhof.at\\\/#website\",\"url\":\"https:\\\/\\\/pihapperhof.at\\\/\",\"name\":\"Pihapperhof\",\"description\":\"Natuurlijk genieten\",\"potentialAction\":[{\"@type\":\"SearchAction\",\"target\":{\"@type\":\"EntryPoint\",\"urlTemplate\":\"https:\\\/\\\/pihapperhof.at\\\/?s={search_term_string}\"},\"query-input\":{\"@type\":\"PropertyValueSpecification\",\"valueRequired\":true,\"valueName\":\"search_term_string\"}}],\"inLanguage\":\"de\"}]}<\/script>\n<!-- \/ Yoast SEO plugin. -->","yoast_head_json":{"title":"Pihapperhof-Seite - Pihapperhof","robots":{"index":"index","follow":"follow","max-snippet":"max-snippet:-1","max-image-preview":"max-image-preview:large","max-video-preview":"max-video-preview:-1"},"canonical":"https:\/\/pihapperhof.at\/pihapperhof-pagina\/","og_locale":"de_DE","og_type":"article","og_title":"Pihapperhof-Seite - Pihapperhof","og_description":"Pihapperhof\u00dcber PihapperhofDer Pihapperhof ist ein kleines und gem\u00fctliches Apartementhaus in Mittersill (in Salzburgerland an der Grenze zu Tirol), in dem Sie es sich \u2018nat\u00fcrlich Genie\u00dfen\u2019 l\u00e4\u00dft Manchmal leben wir im Wahn des Tages. Nach unsere \u00dcberzeugung sollte Genie\u00dfen und Entspannen selbstverst\u00e4ndlicher werden. Im Pihapperhof finden Sie alles, was das m\u00f6glich macht. Wir glauben, dass es [&hellip;]","og_url":"https:\/\/pihapperhof.at\/pihapperhof-pagina\/","og_site_name":"Pihapperhof","article_modified_time":"2024-10-17T13:40:40+00:00","og_image":[{"width":1280,"height":960,"url":"https:\/\/pihapperhof.at\/wp-content\/uploads\/2023\/03\/IMG_2294.jpg","type":"image\/jpeg"}],"twitter_card":"summary_large_image","twitter_misc":{"Gesch\u00e4tzte Lesezeit":"2\u00a0Minuten"},"schema":{"@context":"https:\/\/schema.org","@graph":[{"@type":"WebPage","@id":"https:\/\/pihapperhof.at\/pihapperhof-pagina\/","url":"https:\/\/pihapperhof.at\/pihapperhof-pagina\/","name":"Pihapperhof-Seite - Pihapperhof","isPartOf":{"@id":"https:\/\/pihapperhof.at\/#website"},"datePublished":"2023-11-03T13:49:26+00:00","dateModified":"2024-10-17T13:40:40+00:00","breadcrumb":{"@id":"https:\/\/pihapperhof.at\/pihapperhof-pagina\/#breadcrumb"},"inLanguage":"de","potentialAction":[{"@type":"ReadAction","target":["https:\/\/pihapperhof.at\/pihapperhof-pagina\/"]}]},{"@type":"BreadcrumbList","@id":"https:\/\/pihapperhof.at\/pihapperhof-pagina\/#breadcrumb","itemListElement":[{"@type":"ListItem","position":1,"name":"Home","item":"https:\/\/pihapperhof.at\/de\/"},{"@type":"ListItem","position":2,"name":"Pihapperhof-Seite"}]},{"@type":"WebSite","@id":"https:\/\/pihapperhof.at\/#website","url":"https:\/\/pihapperhof.at\/","name":"Pihapperhof","description":"Natuurlijk genieten","potentialAction":[{"@type":"SearchAction","target":{"@type":"EntryPoint","urlTemplate":"https:\/\/pihapperhof.at\/?s={search_term_string}"},"query-input":{"@type":"PropertyValueSpecification","valueRequired":true,"valueName":"search_term_string"}}],"inLanguage":"de"}]}},"_links":{"self":[{"href":"https:\/\/pihapperhof.at\/de\/wp-json\/wp\/v2\/pages\/18772","targetHints":{"allow":["GET"]}}],"collection":[{"href":"https:\/\/pihapperhof.at\/de\/wp-json\/wp\/v2\/pages"}],"about":[{"href":"https:\/\/pihapperhof.at\/de\/wp-json\/wp\/v2\/types\/page"}],"author":[{"embeddable":true,"href":"https:\/\/pihapperhof.at\/de\/wp-json\/wp\/v2\/users\/6"}],"replies":[{"embeddable":true,"href":"https:\/\/pihapperhof.at\/de\/wp-json\/wp\/v2\/comments?post=18772"}],"version-history":[{"count":5,"href":"https:\/\/pihapperhof.at\/de\/wp-json\/wp\/v2\/pages\/18772\/revisions"}],"predecessor-version":[{"id":19364,"href":"https:\/\/pihapperhof.at\/de\/wp-json\/wp\/v2\/pages\/18772\/revisions\/19364"}],"wp:attachment":[{"href":"https:\/\/pihapperhof.at\/de\/wp-json\/wp\/v2\/media?parent=18772"}],"curies":[{"name":"wp","href":"https:\/\/api.w.org\/{rel}","templated":true}]}}