{"id":18789,"date":"2023-11-06T08:38:38","date_gmt":"2023-11-06T08:38:38","guid":{"rendered":"https:\/\/pihapperhof.at\/ueber-uns\/"},"modified":"2023-11-28T12:53:47","modified_gmt":"2023-11-28T12:53:47","slug":"ueber-uns","status":"publish","type":"page","link":"https:\/\/pihapperhof.at\/de\/ueber-uns\/","title":{"rendered":"\u00dcber uns"},"content":{"rendered":"<p>[et_pb_section fb_built=&#8220;1&#8243; _builder_version=&#8220;4.20.0&#8243; _module_preset=&#8220;default&#8220; use_background_color_gradient=&#8220;on&#8220; background_color_gradient_stops=&#8220;rgba(0,0,0,0.25) 0%|rgba(0,0,0,0.37) 100%&#8220; background_color_gradient_overlays_image=&#8220;on&#8220; background_image=&#8220;https:\/\/pihapperhof.at\/wp-content\/uploads\/2023\/03\/hohetauern.jpg&#8220; custom_padding=&#8220;103px||103px||true|&#8220; global_colors_info=&#8220;{}&#8220;][et_pb_row _builder_version=&#8220;4.20.0&#8243; _module_preset=&#8220;default&#8220; global_colors_info=&#8220;{}&#8220;][et_pb_column type=&#8220;4_4&#8243; _builder_version=&#8220;4.20.0&#8243; _module_preset=&#8220;default&#8220; global_colors_info=&#8220;{}&#8220;][et_pb_text _builder_version=&#8220;4.20.2&#8243; _module_preset=&#8220;default&#8220; header_font=&#8220;|600|||||||&#8220; header_text_color=&#8220;#FFFFFF&#8220; header_font_size=&#8220;50px&#8220; header_font_size_tablet=&#8220;45px&#8220; header_font_size_phone=&#8220;38px&#8220; header_font_size_last_edited=&#8220;on|tablet&#8220; global_colors_info=&#8220;{}&#8220;]<\/p>\n<h1>\u00dcber uns<\/h1>\n<p>[\/et_pb_text][\/et_pb_column][\/et_pb_row][\/et_pb_section][et_pb_section fb_built=&#8220;1&#8243; custom_padding_last_edited=&#8220;on|tablet&#8220; _builder_version=&#8220;4.21.0&#8243; background_enable_image=&#8220;off&#8220; background_size=&#8220;custom&#8220; background_image_width=&#8220;24%&#8220; background_image_height=&#8220;0%&#8220; background_position=&#8220;bottom_right&#8220; background_horizontal_offset=&#8220;-16%&#8220; background_vertical_offset=&#8220;0%&#8220; custom_padding=&#8220;80px||80px||true|false&#8220; custom_padding_tablet=&#8220;40px||40px||true|false&#8220; custom_padding_phone=&#8220;40px||40px||true|false&#8220; global_colors_info=&#8220;{}&#8220;][et_pb_row column_structure=&#8220;3_5,2_5&#8243; _builder_version=&#8220;4.20.2&#8243; _module_preset=&#8220;default&#8220; global_colors_info=&#8220;{}&#8220;][et_pb_column type=&#8220;3_5&#8243; _builder_version=&#8220;4.20.0&#8243; _module_preset=&#8220;default&#8220; global_colors_info=&#8220;{}&#8220;][et_pb_text _builder_version=&#8220;4.23.1&#8243; _module_preset=&#8220;default&#8220; header_2_font=&#8220;|600|||||||&#8220; header_2_font_size=&#8220;32px&#8220; header_3_font=&#8220;|600|||||||&#8220; header_3_text_color=&#8220;#39B54A&#8220; header_3_font_size=&#8220;32px&#8220; custom_margin=&#8220;||15px|||&#8220; hover_enabled=&#8220;0&#8243; header_2_font_size_tablet=&#8220;30px&#8220; header_2_font_size_phone=&#8220;26px&#8220; header_2_font_size_last_edited=&#8220;on|tablet&#8220; global_colors_info=&#8220;{}&#8220; sticky_enabled=&#8220;0&#8243;]<\/p>\n<h3>Heleen &amp; Jeroen, Jooske und Ivar Vincent<\/h3>\n<p>[\/et_pb_text][et_pb_text _builder_version=&#8220;4.23.1&#8243; _module_preset=&#8220;default&#8220; global_colors_info=&#8220;{}&#8220;]<\/p>\n<p>Bis zu unserer Abreise nach \u00d6sterreich genossen wir das Leben in Eelderwolde (Niederlande). Heleen arbeitete als selbstst\u00e4ndige Orthomolekulartherapeutin und Trainingsexpertin und Jeroen als Business Development Manager bei einem internationalen Unternehmen.<\/p>\n<p style=\"text-align: left;\">Im Jahr 2021 entdeckten wir, dass wir einen tief gehegten Traum hatten: eines Tages mit unserer Familie ein G\u00e4stehaus in \u00d6sterreich zu er\u00f6ffnen.<\/p>\n<p>Durch die Auseinandersetzung mit unseren W\u00fcnschen und Qualit\u00e4ten und die Erinnerung an unsere eigenen Ferien nahm unser Traum Gestalt an.<\/p>\n<p>Immer mehr entdeckten wir, was wir bieten wollten: komfortable Ferienwohnungen in eine gem\u00fctliche Atmosphere, mit denen wir einen perfekten Ort bieten, um im Urlaub die Gesellschaft von einander in die wundersch\u00f6ne \u00d6sterreichische Natur zu genie\u00dfen nach nachhaltigen Grunds\u00e4tzen.<\/p>\n<p>Das ist uns gelungen: Pihapperhof Apartments, nat\u00fcrlich genie\u00dfen!<\/p>\n<p>[\/et_pb_text][et_pb_button button_url=&#8220;https:\/\/pihapperhof.at\/de\/kontankt\/&#8220; button_text=&#8220;Kontaktieren Sie uns&#8220; _builder_version=&#8220;4.21.0&#8243; _module_preset=&#8220;default&#8220; button_text_color=&#8220;#FFFFFF&#8220; button_bg_color=&#8220;#f5931e&#8220; button_font=&#8220;|600|||||||&#8220; button_use_icon=&#8220;off&#8220; locked=&#8220;off&#8220; global_colors_info=&#8220;{}&#8220; button_bg_color__hover=&#8220;#f7a342&#8243; button_border_width__hover=&#8220;0px&#8220;][\/et_pb_button][\/et_pb_column][et_pb_column type=&#8220;2_5&#8243; _builder_version=&#8220;4.20.0&#8243; _module_preset=&#8220;default&#8220; global_colors_info=&#8220;{}&#8220;][et_pb_image src=&#8220;https:\/\/pihapperhof.at\/wp-content\/uploads\/2023\/05\/wij-rotated.jpg&#8220; title_text=&#8220;wir&#8220; _builder_version=&#8220;4.21.0&#8243; _module_preset=&#8220;default&#8220; border_radii=&#8220;on|3px|3px|3px|3px&#8220; global_colors_info=&#8220;{}&#8220;][\/et_pb_image][\/et_pb_column][\/et_pb_row][\/et_pb_section]<\/p>\n","protected":false},"excerpt":{"rendered":"<p>\u00dcber unsHeleen &amp; Jeroen, Jooske und Ivar VincentBis zu unserer Abreise nach \u00d6sterreich genossen wir das Leben in Eelderwolde (Niederlande). Heleen arbeitete als selbstst\u00e4ndige Orthomolekulartherapeutin und Trainingsexpertin und Jeroen als Business Development Manager bei einem internationalen Unternehmen. Im Jahr 2021 entdeckten wir, dass wir einen tief gehegten Traum hatten: eines Tages mit unserer Familie ein [&hellip;]<\/p>\n","protected":false},"author":6,"featured_media":18773,"parent":0,"menu_order":0,"comment_status":"closed","ping_status":"closed","template":"","meta":{"_acf_changed":false,"_et_pb_use_builder":"on","_et_pb_old_content":"","_et_gb_content_width":"","footnotes":""},"class_list":["post-18789","page","type-page","status-publish","has-post-thumbnail","hentry"],"acf":[],"yoast_head":"<!-- This site is optimized with the Yoast SEO plugin v27.5 - https:\/\/yoast.com\/product\/yoast-seo-wordpress\/ -->\n<title>\u00dcber uns - Pihapperhof<\/title>\n<meta name=\"robots\" content=\"index, follow, max-snippet:-1, max-image-preview:large, max-video-preview:-1\" \/>\n<link rel=\"canonical\" href=\"https:\/\/pihapperhof.at\/over-ons\/\" \/>\n<meta property=\"og:locale\" content=\"de_DE\" \/>\n<meta property=\"og:type\" content=\"article\" \/>\n<meta property=\"og:title\" content=\"\u00dcber uns - Pihapperhof\" \/>\n<meta property=\"og:description\" content=\"\u00dcber unsHeleen &amp; Jeroen, Jooske und Ivar VincentBis zu unserer Abreise nach \u00d6sterreich genossen wir das Leben in Eelderwolde (Niederlande). Heleen arbeitete als selbstst\u00e4ndige Orthomolekulartherapeutin und Trainingsexpertin und Jeroen als Business Development Manager bei einem internationalen Unternehmen. Im Jahr 2021 entdeckten wir, dass wir einen tief gehegten Traum hatten: eines Tages mit unserer Familie ein [&hellip;]\" \/>\n<meta property=\"og:url\" content=\"https:\/\/pihapperhof.at\/over-ons\/\" \/>\n<meta property=\"og:site_name\" content=\"Pihapperhof\" \/>\n<meta property=\"article:modified_time\" content=\"2023-11-28T12:53:47+00:00\" \/>\n<meta property=\"og:image\" content=\"https:\/\/pihapperhof.at\/wp-content\/uploads\/2023\/03\/IMG_2294.jpg\" \/>\n\t<meta property=\"og:image:width\" content=\"1280\" \/>\n\t<meta property=\"og:image:height\" content=\"960\" \/>\n\t<meta property=\"og:image:type\" content=\"image\/jpeg\" \/>\n<meta name=\"twitter:card\" content=\"summary_large_image\" \/>\n<meta name=\"twitter:label1\" content=\"Gesch\u00e4tzte Lesezeit\" \/>\n\t<meta name=\"twitter:data1\" content=\"3\u00a0Minuten\" \/>\n<script type=\"application\/ld+json\" class=\"yoast-schema-graph\">{\"@context\":\"https:\\\/\\\/schema.org\",\"@graph\":[{\"@type\":\"WebPage\",\"@id\":\"https:\\\/\\\/pihapperhof.at\\\/over-ons\\\/\",\"url\":\"https:\\\/\\\/pihapperhof.at\\\/over-ons\\\/\",\"name\":\"\u00dcber uns - Pihapperhof\",\"isPartOf\":{\"@id\":\"https:\\\/\\\/pihapperhof.at\\\/#website\"},\"primaryImageOfPage\":{\"@id\":\"https:\\\/\\\/pihapperhof.at\\\/over-ons\\\/#primaryimage\"},\"image\":{\"@id\":\"https:\\\/\\\/pihapperhof.at\\\/over-ons\\\/#primaryimage\"},\"thumbnailUrl\":\"https:\\\/\\\/pihapperhof.at\\\/wp-content\\\/uploads\\\/2023\\\/03\\\/IMG_2294.jpg\",\"datePublished\":\"2023-11-06T08:38:38+00:00\",\"dateModified\":\"2023-11-28T12:53:47+00:00\",\"breadcrumb\":{\"@id\":\"https:\\\/\\\/pihapperhof.at\\\/over-ons\\\/#breadcrumb\"},\"inLanguage\":\"de\",\"potentialAction\":[{\"@type\":\"ReadAction\",\"target\":[\"https:\\\/\\\/pihapperhof.at\\\/over-ons\\\/\"]}]},{\"@type\":\"ImageObject\",\"inLanguage\":\"de\",\"@id\":\"https:\\\/\\\/pihapperhof.at\\\/over-ons\\\/#primaryimage\",\"url\":\"https:\\\/\\\/pihapperhof.at\\\/wp-content\\\/uploads\\\/2023\\\/03\\\/IMG_2294.jpg\",\"contentUrl\":\"https:\\\/\\\/pihapperhof.at\\\/wp-content\\\/uploads\\\/2023\\\/03\\\/IMG_2294.jpg\",\"width\":1280,\"height\":960},{\"@type\":\"BreadcrumbList\",\"@id\":\"https:\\\/\\\/pihapperhof.at\\\/over-ons\\\/#breadcrumb\",\"itemListElement\":[{\"@type\":\"ListItem\",\"position\":1,\"name\":\"Home\",\"item\":\"https:\\\/\\\/pihapperhof.at\\\/de\\\/\"},{\"@type\":\"ListItem\",\"position\":2,\"name\":\"\u00dcber uns\"}]},{\"@type\":\"WebSite\",\"@id\":\"https:\\\/\\\/pihapperhof.at\\\/#website\",\"url\":\"https:\\\/\\\/pihapperhof.at\\\/\",\"name\":\"Pihapperhof\",\"description\":\"Natuurlijk genieten\",\"potentialAction\":[{\"@type\":\"SearchAction\",\"target\":{\"@type\":\"EntryPoint\",\"urlTemplate\":\"https:\\\/\\\/pihapperhof.at\\\/?s={search_term_string}\"},\"query-input\":{\"@type\":\"PropertyValueSpecification\",\"valueRequired\":true,\"valueName\":\"search_term_string\"}}],\"inLanguage\":\"de\"}]}<\/script>\n<!-- \/ Yoast SEO plugin. -->","yoast_head_json":{"title":"\u00dcber uns - Pihapperhof","robots":{"index":"index","follow":"follow","max-snippet":"max-snippet:-1","max-image-preview":"max-image-preview:large","max-video-preview":"max-video-preview:-1"},"canonical":"https:\/\/pihapperhof.at\/over-ons\/","og_locale":"de_DE","og_type":"article","og_title":"\u00dcber uns - Pihapperhof","og_description":"\u00dcber unsHeleen &amp; Jeroen, Jooske und Ivar VincentBis zu unserer Abreise nach \u00d6sterreich genossen wir das Leben in Eelderwolde (Niederlande). Heleen arbeitete als selbstst\u00e4ndige Orthomolekulartherapeutin und Trainingsexpertin und Jeroen als Business Development Manager bei einem internationalen Unternehmen. Im Jahr 2021 entdeckten wir, dass wir einen tief gehegten Traum hatten: eines Tages mit unserer Familie ein [&hellip;]","og_url":"https:\/\/pihapperhof.at\/over-ons\/","og_site_name":"Pihapperhof","article_modified_time":"2023-11-28T12:53:47+00:00","og_image":[{"width":1280,"height":960,"url":"https:\/\/pihapperhof.at\/wp-content\/uploads\/2023\/03\/IMG_2294.jpg","type":"image\/jpeg"}],"twitter_card":"summary_large_image","twitter_misc":{"Gesch\u00e4tzte Lesezeit":"3\u00a0Minuten"},"schema":{"@context":"https:\/\/schema.org","@graph":[{"@type":"WebPage","@id":"https:\/\/pihapperhof.at\/over-ons\/","url":"https:\/\/pihapperhof.at\/over-ons\/","name":"\u00dcber uns - Pihapperhof","isPartOf":{"@id":"https:\/\/pihapperhof.at\/#website"},"primaryImageOfPage":{"@id":"https:\/\/pihapperhof.at\/over-ons\/#primaryimage"},"image":{"@id":"https:\/\/pihapperhof.at\/over-ons\/#primaryimage"},"thumbnailUrl":"https:\/\/pihapperhof.at\/wp-content\/uploads\/2023\/03\/IMG_2294.jpg","datePublished":"2023-11-06T08:38:38+00:00","dateModified":"2023-11-28T12:53:47+00:00","breadcrumb":{"@id":"https:\/\/pihapperhof.at\/over-ons\/#breadcrumb"},"inLanguage":"de","potentialAction":[{"@type":"ReadAction","target":["https:\/\/pihapperhof.at\/over-ons\/"]}]},{"@type":"ImageObject","inLanguage":"de","@id":"https:\/\/pihapperhof.at\/over-ons\/#primaryimage","url":"https:\/\/pihapperhof.at\/wp-content\/uploads\/2023\/03\/IMG_2294.jpg","contentUrl":"https:\/\/pihapperhof.at\/wp-content\/uploads\/2023\/03\/IMG_2294.jpg","width":1280,"height":960},{"@type":"BreadcrumbList","@id":"https:\/\/pihapperhof.at\/over-ons\/#breadcrumb","itemListElement":[{"@type":"ListItem","position":1,"name":"Home","item":"https:\/\/pihapperhof.at\/de\/"},{"@type":"ListItem","position":2,"name":"\u00dcber uns"}]},{"@type":"WebSite","@id":"https:\/\/pihapperhof.at\/#website","url":"https:\/\/pihapperhof.at\/","name":"Pihapperhof","description":"Natuurlijk genieten","potentialAction":[{"@type":"SearchAction","target":{"@type":"EntryPoint","urlTemplate":"https:\/\/pihapperhof.at\/?s={search_term_string}"},"query-input":{"@type":"PropertyValueSpecification","valueRequired":true,"valueName":"search_term_string"}}],"inLanguage":"de"}]}},"_links":{"self":[{"href":"https:\/\/pihapperhof.at\/de\/wp-json\/wp\/v2\/pages\/18789","targetHints":{"allow":["GET"]}}],"collection":[{"href":"https:\/\/pihapperhof.at\/de\/wp-json\/wp\/v2\/pages"}],"about":[{"href":"https:\/\/pihapperhof.at\/de\/wp-json\/wp\/v2\/types\/page"}],"author":[{"embeddable":true,"href":"https:\/\/pihapperhof.at\/de\/wp-json\/wp\/v2\/users\/6"}],"replies":[{"embeddable":true,"href":"https:\/\/pihapperhof.at\/de\/wp-json\/wp\/v2\/comments?post=18789"}],"version-history":[{"count":7,"href":"https:\/\/pihapperhof.at\/de\/wp-json\/wp\/v2\/pages\/18789\/revisions"}],"predecessor-version":[{"id":19119,"href":"https:\/\/pihapperhof.at\/de\/wp-json\/wp\/v2\/pages\/18789\/revisions\/19119"}],"wp:featuredmedia":[{"embeddable":true,"href":"https:\/\/pihapperhof.at\/de\/wp-json\/wp\/v2\/media\/18773"}],"wp:attachment":[{"href":"https:\/\/pihapperhof.at\/de\/wp-json\/wp\/v2\/media?parent=18789"}],"curies":[{"name":"wp","href":"https:\/\/api.w.org\/{rel}","templated":true}]}}