{"id":18795,"date":"2023-11-06T08:41:10","date_gmt":"2023-11-06T08:41:10","guid":{"rendered":"https:\/\/pihapperhof.at\/winter\/"},"modified":"2023-11-06T08:41:11","modified_gmt":"2023-11-06T08:41:11","slug":"winter","status":"publish","type":"page","link":"https:\/\/pihapperhof.at\/de\/winter\/","title":{"rendered":"Winter"},"content":{"rendered":"<p>[et_pb_section fb_built=&#8220;1&#8243; _builder_version=&#8220;4.20.4&#8243; _module_preset=&#8220;default&#8220; use_background_color_gradient=&#8220;on&#8220; background_color_gradient_stops=&#8220;rgba(0,0,0,0.34) 0%|rgba(0,0,0,0.37) 100%&#8220; background_color_gradient_overlays_image=&#8220;on&#8220; background_image=&#8220;https:\/\/pihapperhof.at\/wp-content\/uploads\/2023\/03\/shutterstock_118969507-scaled.jpg&#8220; custom_padding=&#8220;105px||105px||true|&#8220; global_colors_info=&#8220;{}&#8220;][et_pb_row _builder_version=&#8220;4.20.0&#8243; _module_preset=&#8220;default&#8220; global_colors_info=&#8220;{}&#8220;][et_pb_column type=&#8220;4_4&#8243; _builder_version=&#8220;4.20.0&#8243; _module_preset=&#8220;default&#8220; global_colors_info=&#8220;{}&#8220;][et_pb_text _builder_version=&#8220;4.20.2&#8243; text_text_color=&#8220;#FFFFFF&#8220; header_font=&#8220;Architects Daughter|600|||||||&#8220; header_text_color=&#8220;#FFFFFF&#8220; header_font_size=&#8220;50px&#8220; custom_margin=&#8220;0px||||false|false&#8220; custom_padding=&#8220;0px||||false|false&#8220; locked=&#8220;off&#8220; global_colors_info=&#8220;{}&#8220;]<\/p>\n<h1 style=\"text-align: left;\"><span>Winter<\/span><\/h1>\n<p>[\/et_pb_text][\/et_pb_column][\/et_pb_row][\/et_pb_section][et_pb_section fb_built=&#8220;1&#8243; custom_padding_last_edited=&#8220;on|tablet&#8220; _builder_version=&#8220;4.20.4&#8243; custom_padding=&#8220;80px||80px||true|false&#8220; custom_padding_tablet=&#8220;40px||40px||true|false&#8220; custom_padding_phone=&#8220;40px||40px||true|false&#8220; global_colors_info=&#8220;{}&#8220;][et_pb_row column_structure=&#8220;1_2,1_2&#8243; _builder_version=&#8220;4.20.0&#8243; _module_preset=&#8220;default&#8220; global_colors_info=&#8220;{}&#8220;][et_pb_column type=&#8220;1_2&#8243; _builder_version=&#8220;4.20.0&#8243; _module_preset=&#8220;default&#8220; global_colors_info=&#8220;{}&#8220;][et_pb_image src=&#8220;https:\/\/pihapperhof.at\/wp-content\/uploads\/2023\/03\/Kirchberg.jpeg&#8220; title_text=&#8220;Kirchberg&#8220; _builder_version=&#8220;4.20.0&#8243; _module_preset=&#8220;default&#8220; border_radii=&#8220;on|2px|2px|2px|2px&#8220; global_colors_info=&#8220;{}&#8220;][\/et_pb_image][\/et_pb_column][et_pb_column type=&#8220;1_2&#8243; _builder_version=&#8220;4.20.0&#8243; _module_preset=&#8220;default&#8220; global_colors_info=&#8220;{}&#8220;][et_pb_text _builder_version=&#8220;4.21.0&#8243; _module_preset=&#8220;default&#8220; header_text_color=&#8220;#0095da&#8220; header_2_font=&#8220;|600|||||||&#8220; header_3_font=&#8220;Architects Daughter|600|||||||&#8220; header_3_text_color=&#8220;#0095da&#8220; header_3_font_size=&#8220;32px&#8220; custom_margin=&#8220;1px||8px|||&#8220; global_colors_info=&#8220;{}&#8220;]<\/p>\n<h3>Wintersport<\/h3>\n<p>[\/et_pb_text][et_pb_text _builder_version=&#8220;4.21.0&#8243; _module_preset=&#8220;default&#8220; header_2_font=&#8220;|600|||||||&#8220; header_2_font_size=&#8220;30px&#8220; custom_margin=&#8220;||15px|||&#8220; global_colors_info=&#8220;{}&#8220;]<\/p>\n<h2>Mehrere Skigebiete in unmittelbarer N\u00e4he<\/h2>\n<p>[\/et_pb_text][et_pb_text _builder_version=&#8220;4.22.2&#8243; _module_preset=&#8220;default&#8220; hover_enabled=&#8220;0&#8243; global_colors_info=&#8220;{}&#8220; sticky_enabled=&#8220;0&#8243;]<\/p>\n<p class=\"Normal\"><u><\/u><span class=\"tm6\"><span style=\"font-weight: 400;\">Mittersill liegt zentral zwischen den Skigebieten Kitzb\u00fcheler Alpen (<strong>Kitzb\u00fchel &amp; Kirchberg<\/strong>), Wildkogel-Arena (<strong>Neukirchen &amp; Bramberg<\/strong>) und der Europa-Sportregion mit Zell am See und dem ber\u00fchmten Kapruner Kitzsteinhorn-Gletscher, wo Sie fast das ganze Jahr \u00fcber Skifahren k\u00f6nnen.<\/span><\/span><\/p>\n<p><span style=\"font-weight: 400;\">Die Skigebiete Kitzb\u00fcheler Alpen und Wildkogel-Arena sind nur 10 Autominuten entfernt. Das Skigebiet Kitzb\u00fcheler Alpen verf\u00fcgt \u00fcber rund 170 Pistenkilometer aller Schwierigkeitsgrade, Snowparks und Off-Piste-M\u00f6glichkeiten. Auch 2023 erneut als bestes Skigebiet der Welt ausgezeichnet. Die Wildkogel-Arena ist ein etwas kleineres Skigebiet und sehr familienfreundlich. Au\u00dferdem gibt es die l\u00e4ngste beleuchtete Rodelbahn der Welt mit 14 km und 1300 H\u00f6henmetern.<\/span><\/p>\n<p><span style=\"font-weight: 400;\">Beide Skigebiete sind auch mit dem Skibus erreichbar, der vor dem Pihapperhof h\u00e4lt. Diese k\u00f6nnen Sie mit Ihrem Skipass kostenlos nutzen!<\/span><\/p>\n<p>[\/et_pb_text][\/et_pb_column][\/et_pb_row][\/et_pb_section][et_pb_section fb_built=&#8220;1&#8243; _builder_version=&#8220;4.20.2&#8243; _module_preset=&#8220;default&#8220; use_background_color_gradient=&#8220;on&#8220; background_color_gradient_stops=&#8220;rgba(0,0,0,0.36) 0%|rgba(0,0,0,0.45) 100%&#8220; background_color_gradient_overlays_image=&#8220;on&#8220; background_image=&#8220;https:\/\/pihapperhof.at\/wp-content\/uploads\/2023\/03\/frische-skipiste-mit-blick-auf-wilder-kaiser-4.webp&#8220; parallax=&#8220;on&#8220; custom_padding=&#8220;80px||80px||true|&#8220; locked=&#8220;off&#8220; global_colors_info=&#8220;{}&#8220;][et_pb_row _builder_version=&#8220;4.20.0&#8243; _module_preset=&#8220;default&#8220; global_colors_info=&#8220;{}&#8220;][et_pb_column type=&#8220;4_4&#8243; _builder_version=&#8220;4.20.0&#8243; _module_preset=&#8220;default&#8220; global_colors_info=&#8220;{}&#8220;][et_pb_text _builder_version=&#8220;4.20.4&#8243; _module_preset=&#8220;default&#8220; header_2_font=&#8220;Architects Daughter|600|||||||&#8220; header_2_text_color=&#8220;#FFFFFF&#8220; header_2_font_size=&#8220;60px&#8220; text_orientation=&#8220;center&#8220; custom_margin=&#8220;||23px|||&#8220; locked=&#8220;off&#8220; global_colors_info=&#8220;{}&#8220;]<\/p>\n<h2>Nat\u00fcrlich genie\u00dfen!<\/h2>\n<p>[\/et_pb_text][\/et_pb_column][\/et_pb_row][\/et_pb_section][et_pb_section fb_built=&#8220;1&#8243; custom_padding_last_edited=&#8220;on|tablet&#8220; _builder_version=&#8220;4.21.0&#8243; _module_preset=&#8220;default&#8220; background_enable_color=&#8220;off&#8220; background_enable_image=&#8220;off&#8220; custom_padding=&#8220;80px||80px||true|&#8220; custom_padding_tablet=&#8220;40px||40px||true|false&#8220; custom_padding_phone=&#8220;40px||40px||true|false&#8220; global_colors_info=&#8220;{}&#8220;][et_pb_row _builder_version=&#8220;4.20.0&#8243; _module_preset=&#8220;default&#8220; global_colors_info=&#8220;{}&#8220;][et_pb_column type=&#8220;4_4&#8243; _builder_version=&#8220;4.20.0&#8243; _module_preset=&#8220;default&#8220; global_colors_info=&#8220;{}&#8220;][et_pb_text _builder_version=&#8220;4.21.0&#8243; _module_preset=&#8220;default&#8220; header_2_font=&#8220;|600|||||||&#8220; header_3_font=&#8220;Architects Daughter|600|||||||&#8220; header_3_text_color=&#8220;#0095da&#8220; header_3_font_size=&#8220;32px&#8220; custom_margin=&#8220;1px||8px|||&#8220; locked=&#8220;off&#8220; global_colors_info=&#8220;{}&#8220;]<\/p>\n<h3 style=\"text-align: center;\">M\u00f6chten Sie eine andere Winteraktivit\u00e4t?<\/h3>\n<p>[\/et_pb_text][et_pb_text _builder_version=&#8220;4.21.0&#8243; _module_preset=&#8220;default&#8220; header_2_font=&#8220;|600|||||||&#8220; header_2_font_size=&#8220;30px&#8220; locked=&#8220;off&#8220; global_colors_info=&#8220;{}&#8220;]<\/p>\n<h2 style=\"text-align: center;\">Schauen Sie sich die Optionen unten an<\/h2>\n<p>[\/et_pb_text][\/et_pb_column][\/et_pb_row][et_pb_row column_structure=&#8220;1_3,1_3,1_3&#8243; _builder_version=&#8220;4.20.0&#8243; _module_preset=&#8220;default&#8220; custom_margin=&#8220;11px|auto||auto||&#8220; global_colors_info=&#8220;{}&#8220;][et_pb_column type=&#8220;1_3&#8243; _builder_version=&#8220;4.20.0&#8243; _module_preset=&#8220;default&#8220; global_colors_info=&#8220;{}&#8220;][et_pb_blurb title=&#8220;Gehen&#8220; image=&#8220;https:\/\/pihapperhof.at\/wp-content\/uploads\/2023\/03\/winter.jpg&#8220; _builder_version=&#8220;4.22.2&#8243; _module_preset=&#8220;default&#8220; header_font=&#8220;|600|||||||&#8220; header_text_align=&#8220;center&#8220; header_font_size=&#8220;25px&#8220; text_orientation=&#8220;center&#8220; animation=&#8220;off&#8220; hover_enabled=&#8220;0&#8243; global_colors_info=&#8220;{}&#8220; sticky_enabled=&#8220;0&#8243;]<\/p>\n<p class=\"tm8\"><span class=\"tm9\">Die Ranger des Nationalparks Hohe Tauern bieten wundersch\u00f6ne Wandertouren, Schneeschuhwanderungen und Wildtierbeobachtungstouren an.<\/span><\/p>\n<p>[\/et_pb_blurb][\/et_pb_column][et_pb_column type=&#8220;1_3&#8243; _builder_version=&#8220;4.20.0&#8243; _module_preset=&#8220;default&#8220; global_colors_info=&#8220;{}&#8220;][et_pb_blurb title=&#8220;Rodeln&#8220; image=&#8220;https:\/\/pihapperhof.at\/wp-content\/uploads\/2023\/03\/shutterstock_1504722758.jpg&#8220; _builder_version=&#8220;4.20.4&#8243; _module_preset=&#8220;default&#8220; header_font=&#8220;|600|||||||&#8220; header_text_align=&#8220;center&#8220; header_font_size=&#8220;25px&#8220; text_orientation=&#8220;center&#8220; animation=&#8220;off&#8220; global_colors_info=&#8220;{}&#8220;]<\/p>\n<p class=\"tm8\"><span class=\"tm9\">In Neukirchen\/Bramberg (Wildkogel-Arena) k\u00f6nnen Sie auch im Winter rodeln: sowohl tags\u00fcber als auch abends. Die Rodelbahn ist die l\u00e4ngste beleuchtete Strecke der Welt mit 14 km und 1300 H\u00f6henmetern.<\/span><\/p>\n<p class=\"Normal\">[\/et_pb_blurb][\/et_pb_column][et_pb_column type=&#8220;1_3&#8243; _builder_version=&#8220;4.20.0&#8243; _module_preset=&#8220;default&#8220; global_colors_info=&#8220;{}&#8220;][et_pb_blurb title=&#8220;Skilanglauf&#8220; image=&#8220;https:\/\/pihapperhof.at\/wp-content\/uploads\/2023\/03\/shutterstock_1552084235-1.jpg&#8220; _builder_version=&#8220;4.20.4&#8243; _module_preset=&#8220;default&#8220; header_font=&#8220;|600|||||||&#8220; header_text_align=&#8220;center&#8220; header_font_size=&#8220;25px&#8220; text_orientation=&#8220;center&#8220; animation=&#8220;off&#8220; global_colors_info=&#8220;{}&#8220;]<\/p>\n<p><span style=\"font-weight: 400;\">In Mittersill und Umgebung gibt es mehrere Langlaufloipen. Sowohl im Tal als auch in den Bergen.<\/span><\/p>\n<p>[\/et_pb_blurb][\/et_pb_column][\/et_pb_row][\/et_pb_section][et_pb_section fb_built=&#8220;1&#8243; custom_padding_last_edited=&#8220;on|tablet&#8220; disabled_on=&#8220;on|on|on&#8220; _builder_version=&#8220;4.20.4&#8243; _module_preset=&#8220;default&#8220; background_image=&#8220;https:\/\/pihapperhof.at\/wp-content\/uploads\/2023\/03\/reviews.png&#8220; custom_padding=&#8220;80px||80px||true|false&#8220; custom_padding_tablet=&#8220;40px||40px||true|false&#8220; custom_padding_phone=&#8220;40px||40px||true|false&#8220; disabled=&#8220;on&#8220; global_colors_info=&#8220;{}&#8220; custom_padding__hover_enabled=&#8220;off|desktop&#8220;][et_pb_row _builder_version=&#8220;4.20.0&#8243; _module_preset=&#8220;default&#8220; global_colors_info=&#8220;{}&#8220;][et_pb_column type=&#8220;4_4&#8243; _builder_version=&#8220;4.20.0&#8243; _module_preset=&#8220;default&#8220; global_colors_info=&#8220;{}&#8220;][et_pb_text _builder_version=&#8220;4.20.0&#8243; _module_preset=&#8220;default&#8220; header_2_font=&#8220;|600|||||||&#8220; header_3_font=&#8220;Architects Daughter|600|||||||&#8220; header_3_text_color=&#8220;#0095da&#8220; header_3_font_size=&#8220;24px&#8220; custom_margin=&#8220;24px||8px|||&#8220; locked=&#8220;off&#8220; global_colors_info=&#8220;{}&#8220;]<\/p>\n<h3 style=\"text-align: center;\">Reviews<\/h3>\n<p>[\/et_pb_text][et_pb_text _builder_version=&#8220;4.20.0&#8243; _module_preset=&#8220;default&#8220; header_2_font=&#8220;|600|||||||&#8220; header_2_font_size=&#8220;30px&#8220; custom_margin=&#8220;||15px|||&#8220; locked=&#8220;off&#8220; global_colors_info=&#8220;{}&#8220;]<\/p>\n<h2 style=\"text-align: center;\">Hoe gasten het ervaren hebben<\/h2>\n<p>[\/et_pb_text][\/et_pb_column][\/et_pb_row][et_pb_row column_structure=&#8220;1_2,1_2&#8243; _builder_version=&#8220;4.20.0&#8243; _module_preset=&#8220;default&#8220; global_colors_info=&#8220;{}&#8220;][et_pb_column type=&#8220;1_2&#8243; _builder_version=&#8220;4.20.0&#8243; _module_preset=&#8220;default&#8220; background_color=&#8220;#f2f2f2&#8243; custom_padding=&#8220;30px|30px|30px|30px|true|true&#8220; border_radii=&#8220;on|3px|3px|3px|3px&#8220; global_colors_info=&#8220;{}&#8220;][et_pb_icon font_icon=&#8220;&#x7b;||divi||400&#8243; icon_color=&#8220;#0095da&#8220; _builder_version=&#8220;4.20.0&#8243; _module_preset=&#8220;default&#8220; global_colors_info=&#8220;{}&#8220;][\/et_pb_icon][et_pb_text _builder_version=&#8220;4.20.0&#8243; _module_preset=&#8220;default&#8220; global_colors_info=&#8220;{}&#8220;]<\/p>\n<p>Your content goes here. Edit or remove this text inline or in the module Content settings. You can also style every aspect of this content in the module Design settings and even apply custom CSS to this text in the module Advanced settings.<\/p>\n<p>[\/et_pb_text][\/et_pb_column][et_pb_column type=&#8220;1_2&#8243; _builder_version=&#8220;4.20.0&#8243; _module_preset=&#8220;default&#8220; background_color=&#8220;#f2f2f2&#8243; custom_padding=&#8220;30px|30px|30px|30px|true|true&#8220; border_radii=&#8220;on|3px|3px|3px|3px&#8220; global_colors_info=&#8220;{}&#8220;][et_pb_icon font_icon=&#8220;&#x7b;||divi||400&#8243; icon_color=&#8220;#0095da&#8220; _builder_version=&#8220;4.20.0&#8243; _module_preset=&#8220;default&#8220; transform_rotate=&#8220;0deg|0deg|180deg&#8220; locked=&#8220;off&#8220; global_colors_info=&#8220;{}&#8220;][\/et_pb_icon][et_pb_text _builder_version=&#8220;4.20.0&#8243; _module_preset=&#8220;default&#8220; locked=&#8220;off&#8220; global_colors_info=&#8220;{}&#8220;]<\/p>\n<p>Your content goes here. Edit or remove this text inline or in the module Content settings. You can also style every aspect of this content in the module Design settings and even apply custom CSS to this text in the module Advanced settings.<\/p>\n<p>[\/et_pb_text][\/et_pb_column][\/et_pb_row][et_pb_row _builder_version=&#8220;4.20.0&#8243; _module_preset=&#8220;default&#8220; global_colors_info=&#8220;{}&#8220;][et_pb_column type=&#8220;4_4&#8243; _builder_version=&#8220;4.20.0&#8243; _module_preset=&#8220;default&#8220; global_colors_info=&#8220;{}&#8220;][et_pb_button button_text=&#8220;Bekijk meer &#8220; button_alignment=&#8220;center&#8220; _builder_version=&#8220;4.20.0&#8243; _module_preset=&#8220;default&#8220; button_text_color=&#8220;#FFFFFF&#8220; button_bg_color=&#8220;#0095da&#8220; button_font=&#8220;|600|||||||&#8220; button_use_icon=&#8220;off&#8220; locked=&#8220;off&#8220; global_colors_info=&#8220;{}&#8220; button_bg_color__hover=&#8220;#2da2d8&#8243;][\/et_pb_button][\/et_pb_column][\/et_pb_row][\/et_pb_section]<\/p>\n","protected":false},"excerpt":{"rendered":"<p>WinterWintersportMehrere Skigebiete in unmittelbarer N\u00e4heMittersill liegt zentral zwischen den Skigebieten Kitzb\u00fcheler Alpen (Kitzb\u00fchel &amp; Kirchberg), Wildkogel-Arena (Neukirchen &amp; Bramberg) und der Europa-Sportregion mit Zell am See und dem ber\u00fchmten Kapruner Kitzsteinhorn-Gletscher, wo Sie fast das ganze Jahr \u00fcber Skifahren k\u00f6nnen. Die Skigebiete Kitzb\u00fcheler Alpen und Wildkogel-Arena sind nur 10 Autominuten entfernt. Das Skigebiet Kitzb\u00fcheler Alpen [&hellip;]<\/p>\n","protected":false},"author":6,"featured_media":0,"parent":0,"menu_order":0,"comment_status":"closed","ping_status":"closed","template":"","meta":{"_acf_changed":false,"_et_pb_use_builder":"on","_et_pb_old_content":"","_et_gb_content_width":"","footnotes":""},"class_list":["post-18795","page","type-page","status-publish","hentry"],"acf":[],"yoast_head":"<!-- This site is optimized with the Yoast SEO plugin v27.5 - https:\/\/yoast.com\/product\/yoast-seo-wordpress\/ -->\n<title>Winter - Pihapperhof<\/title>\n<meta name=\"robots\" content=\"index, follow, max-snippet:-1, max-image-preview:large, max-video-preview:-1\" \/>\n<link rel=\"canonical\" href=\"https:\/\/pihapperhof.at\/winter\/\" \/>\n<meta property=\"og:locale\" content=\"de_DE\" \/>\n<meta property=\"og:type\" content=\"article\" \/>\n<meta property=\"og:title\" content=\"Winter - Pihapperhof\" \/>\n<meta property=\"og:description\" content=\"WinterWintersportMehrere Skigebiete in unmittelbarer N\u00e4heMittersill liegt zentral zwischen den Skigebieten Kitzb\u00fcheler Alpen (Kitzb\u00fchel &amp; Kirchberg), Wildkogel-Arena (Neukirchen &amp; Bramberg) und der Europa-Sportregion mit Zell am See und dem ber\u00fchmten Kapruner Kitzsteinhorn-Gletscher, wo Sie fast das ganze Jahr \u00fcber Skifahren k\u00f6nnen. Die Skigebiete Kitzb\u00fcheler Alpen und Wildkogel-Arena sind nur 10 Autominuten entfernt. Das Skigebiet Kitzb\u00fcheler Alpen [&hellip;]\" \/>\n<meta property=\"og:url\" content=\"https:\/\/pihapperhof.at\/winter\/\" \/>\n<meta property=\"og:site_name\" content=\"Pihapperhof\" \/>\n<meta property=\"article:modified_time\" content=\"2023-11-06T08:41:11+00:00\" \/>\n<meta name=\"twitter:card\" content=\"summary_large_image\" \/>\n<meta name=\"twitter:label1\" content=\"Gesch\u00e4tzte Lesezeit\" \/>\n\t<meta name=\"twitter:data1\" content=\"7\u00a0Minuten\" \/>\n<script type=\"application\/ld+json\" class=\"yoast-schema-graph\">{\"@context\":\"https:\\\/\\\/schema.org\",\"@graph\":[{\"@type\":\"WebPage\",\"@id\":\"https:\\\/\\\/pihapperhof.at\\\/winter\\\/\",\"url\":\"https:\\\/\\\/pihapperhof.at\\\/winter\\\/\",\"name\":\"Winter - Pihapperhof\",\"isPartOf\":{\"@id\":\"https:\\\/\\\/pihapperhof.at\\\/#website\"},\"datePublished\":\"2023-11-06T08:41:10+00:00\",\"dateModified\":\"2023-11-06T08:41:11+00:00\",\"breadcrumb\":{\"@id\":\"https:\\\/\\\/pihapperhof.at\\\/winter\\\/#breadcrumb\"},\"inLanguage\":\"de\",\"potentialAction\":[{\"@type\":\"ReadAction\",\"target\":[\"https:\\\/\\\/pihapperhof.at\\\/winter\\\/\"]}]},{\"@type\":\"BreadcrumbList\",\"@id\":\"https:\\\/\\\/pihapperhof.at\\\/winter\\\/#breadcrumb\",\"itemListElement\":[{\"@type\":\"ListItem\",\"position\":1,\"name\":\"Home\",\"item\":\"https:\\\/\\\/pihapperhof.at\\\/de\\\/\"},{\"@type\":\"ListItem\",\"position\":2,\"name\":\"Winter\"}]},{\"@type\":\"WebSite\",\"@id\":\"https:\\\/\\\/pihapperhof.at\\\/#website\",\"url\":\"https:\\\/\\\/pihapperhof.at\\\/\",\"name\":\"Pihapperhof\",\"description\":\"Natuurlijk genieten\",\"potentialAction\":[{\"@type\":\"SearchAction\",\"target\":{\"@type\":\"EntryPoint\",\"urlTemplate\":\"https:\\\/\\\/pihapperhof.at\\\/?s={search_term_string}\"},\"query-input\":{\"@type\":\"PropertyValueSpecification\",\"valueRequired\":true,\"valueName\":\"search_term_string\"}}],\"inLanguage\":\"de\"}]}<\/script>\n<!-- \/ Yoast SEO plugin. -->","yoast_head_json":{"title":"Winter - Pihapperhof","robots":{"index":"index","follow":"follow","max-snippet":"max-snippet:-1","max-image-preview":"max-image-preview:large","max-video-preview":"max-video-preview:-1"},"canonical":"https:\/\/pihapperhof.at\/winter\/","og_locale":"de_DE","og_type":"article","og_title":"Winter - Pihapperhof","og_description":"WinterWintersportMehrere Skigebiete in unmittelbarer N\u00e4heMittersill liegt zentral zwischen den Skigebieten Kitzb\u00fcheler Alpen (Kitzb\u00fchel &amp; Kirchberg), Wildkogel-Arena (Neukirchen &amp; Bramberg) und der Europa-Sportregion mit Zell am See und dem ber\u00fchmten Kapruner Kitzsteinhorn-Gletscher, wo Sie fast das ganze Jahr \u00fcber Skifahren k\u00f6nnen. Die Skigebiete Kitzb\u00fcheler Alpen und Wildkogel-Arena sind nur 10 Autominuten entfernt. Das Skigebiet Kitzb\u00fcheler Alpen [&hellip;]","og_url":"https:\/\/pihapperhof.at\/winter\/","og_site_name":"Pihapperhof","article_modified_time":"2023-11-06T08:41:11+00:00","twitter_card":"summary_large_image","twitter_misc":{"Gesch\u00e4tzte Lesezeit":"7\u00a0Minuten"},"schema":{"@context":"https:\/\/schema.org","@graph":[{"@type":"WebPage","@id":"https:\/\/pihapperhof.at\/winter\/","url":"https:\/\/pihapperhof.at\/winter\/","name":"Winter - Pihapperhof","isPartOf":{"@id":"https:\/\/pihapperhof.at\/#website"},"datePublished":"2023-11-06T08:41:10+00:00","dateModified":"2023-11-06T08:41:11+00:00","breadcrumb":{"@id":"https:\/\/pihapperhof.at\/winter\/#breadcrumb"},"inLanguage":"de","potentialAction":[{"@type":"ReadAction","target":["https:\/\/pihapperhof.at\/winter\/"]}]},{"@type":"BreadcrumbList","@id":"https:\/\/pihapperhof.at\/winter\/#breadcrumb","itemListElement":[{"@type":"ListItem","position":1,"name":"Home","item":"https:\/\/pihapperhof.at\/de\/"},{"@type":"ListItem","position":2,"name":"Winter"}]},{"@type":"WebSite","@id":"https:\/\/pihapperhof.at\/#website","url":"https:\/\/pihapperhof.at\/","name":"Pihapperhof","description":"Natuurlijk genieten","potentialAction":[{"@type":"SearchAction","target":{"@type":"EntryPoint","urlTemplate":"https:\/\/pihapperhof.at\/?s={search_term_string}"},"query-input":{"@type":"PropertyValueSpecification","valueRequired":true,"valueName":"search_term_string"}}],"inLanguage":"de"}]}},"_links":{"self":[{"href":"https:\/\/pihapperhof.at\/de\/wp-json\/wp\/v2\/pages\/18795","targetHints":{"allow":["GET"]}}],"collection":[{"href":"https:\/\/pihapperhof.at\/de\/wp-json\/wp\/v2\/pages"}],"about":[{"href":"https:\/\/pihapperhof.at\/de\/wp-json\/wp\/v2\/types\/page"}],"author":[{"embeddable":true,"href":"https:\/\/pihapperhof.at\/de\/wp-json\/wp\/v2\/users\/6"}],"replies":[{"embeddable":true,"href":"https:\/\/pihapperhof.at\/de\/wp-json\/wp\/v2\/comments?post=18795"}],"version-history":[{"count":2,"href":"https:\/\/pihapperhof.at\/de\/wp-json\/wp\/v2\/pages\/18795\/revisions"}],"predecessor-version":[{"id":18797,"href":"https:\/\/pihapperhof.at\/de\/wp-json\/wp\/v2\/pages\/18795\/revisions\/18797"}],"wp:attachment":[{"href":"https:\/\/pihapperhof.at\/de\/wp-json\/wp\/v2\/media?parent=18795"}],"curies":[{"name":"wp","href":"https:\/\/api.w.org\/{rel}","templated":true}]}}